{"id":3,"date":"2025-05-07T20:55:25","date_gmt":"2025-05-07T18:55:25","guid":{"rendered":"https:\/\/new.jaegerhotel.com\/?page_id=3"},"modified":"2026-05-05T13:20:23","modified_gmt":"2026-05-05T11:20:23","slug":"adatkezelesi-tajekoztato","status":"publish","type":"page","link":"https:\/\/www.jaegerhotel.com\/it\/adatkezelesi-tajekoztato\/","title":{"rendered":"Informativa sulla privacy"},"content":{"rendered":"<p><\/p>\n\n\n\n<p><strong>Indice dei contenuti<\/strong><\/p>\n\n\n\n<p>Informativa sulla privacy<\/p>\n\n\n\n<ul class=\"wp-block-list\">\n<li>Dati del titolare del trattamento<\/li>\n\n\n\n<li>Base giuridica, fondamento legale, finalit\u00e0, ambito dei dati personali trattati e durata del trattamento dei dati sul sito web<\/li>\n\n\n\n<li>Trattamento dei dati<\/li>\n\n\n\n<li>Misure di sicurezza dei dati<\/li>\n\n\n\n<li>Diritti dell\u2019interessato<\/li>\n\n\n\n<li>Rimedi legali<\/li>\n<\/ul>\n\n\n\n<p><strong>Nome e recapiti del titolare del trattamento<\/strong><\/p>\n\n\n\n<p>Denominazione del titolare del trattamento: J\u00e4gerhotel OG (di seguito: Titolare del trattamento)<\/p>\n\n\n\n<p>Indirizzo postale del titolare del trattamento: Panoramaweg 30, AT-9520 Treffen am Ossiacher See, Austria<\/p>\n\n\n\n<p>Indirizzo e-mail del titolare del trattamento: info@jaegerhotel.at<\/p>\n\n\n\n<p>Numero di telefono del titolare del trattamento: +43 681 20201951<\/p>\n\n\n\n<p>Sito web <a href=\"https:\/\/www.jaegerhotel.com\/it\/\">https:\/\/www.jaegerhotel.com\/<\/a><\/p>\n\n\n\n<p><strong>Base giuridica, fondamento legale, finalit\u00e0, ambito dei dati personali trattati e durata del trattamento dei dati sul sito web<\/strong><\/p>\n\n\n\n<p>Informazioni sull\u2019uso dei cookie<\/p>\n\n\n\n<p>Che cos\u2019\u00e8 un cookie?<\/p>\n\n\n\n<p>Il Titolare del trattamento utilizza i cosiddetti cookie durante la visita al sito web. Un cookie \u00e8 un pacchetto di informazioni composto da lettere e numeri che il nostro sito invia al browser dell\u2019utente per salvare determinate impostazioni, facilitare l\u2019utilizzo del sito e contribuire alla raccolta di alcune informazioni statistiche rilevanti sui visitatori. I cookie non contengono dati personali e non sono adatti all\u2019identificazione dei singoli utenti. I cookie contengono spesso un identificatore univoco \u2013 una sequenza numerica segreta generata casualmente \u2013 memorizzato sul dispositivo dell\u2019utente. Alcuni cookie vengono eliminati alla chiusura del sito, mentre altri vengono conservati per un periodo di tempo pi\u00f9 lungo.<\/p>\n\n\n\n<p><strong>Base giuridica e fondamento legale dei cookie<\/strong><\/p>\n\n\n\n<p>La base giuridica del trattamento dei dati \u00e8 costituita dalla legge CXII del 2011 sul diritto all\u2019autodeterminazione informativa e sulla libert\u00e0 di informazione, nonch\u00e9 dalla legge CVIII del 2001 sui servizi di commercio elettronico. La base giuridica del trattamento dei dati \u00e8 il suo consenso.<\/p>\n\n\n\n<p><strong>Caratteristiche principali dei cookie utilizzati dal sito web<\/strong><\/p>\n\n\n\n<p>Cookie di Google Ads:<\/p>\n\n\n\n<p>Quando qualcuno visita il nostro sito web, l\u2019ID del cookie del visitatore viene aggiunto alla lista di remarketing. Google utilizza i cookie per personalizzare gli annunci e analizzare il comportamento degli utenti.<\/p>\n\n\n\n<p>Cookie di Google Analytics:<\/p>\n\n\n\n<p>Google Analytics \u00e8 uno strumento utilizzato per analizzare il traffico del sito web. Il servizio utilizza cookie per raccogliere dati statistici senza identificare i visitatori individualmente.<br><\/p>\n\n\n\n<p>Cookie necessari per il funzionamento:<\/p>\n\n\n\n<p>Sono necessari per il funzionamento di base del sito web; senza di essi, il sito non funziona correttamente.<\/p>\n\n\n\n<p>Cookie per migliorare l\u2019esperienza utente:<\/p>\n\n\n\n<p>Raccolgono informazioni generali e anonime sull\u2019utilizzo del sito web.<\/p>\n\n\n\n<p>Cookie di sessione:<\/p>\n\n\n\n<p>Memorizzano dati durante la visita e vengono eliminati alla chiusura del browser.<\/p>\n\n\n\n<p>Cookie per il consenso ai cookie:<\/p>\n\n\n\n<p>Registra l\u2019accettazione dell\u2019uso dei cookie, con una durata di 365 giorni.<\/p>\n\n\n\n<p>Facebook Pixel (cookie di Facebook):<\/p>\n\n\n\n<p>Raccoglie dati statistici e di marketing sui visitatori del sito web per mostrare pubblicit\u00e0 personalizzate.<\/p>\n\n\n\n<p>Se non accetta l\u2019uso dei cookie, alcune funzionalit\u00e0 non saranno disponibili.<\/p>\n\n\n\n<p><strong>Trattamento dei dati relativo agli ordini e alla fatturazione<\/strong><\/p>\n\n\n\n<p>Base giuridica e fondamento legale del trattamento dei dati<\/p>\n\n\n\n<p>La base giuridica del trattamento dei dati \u00e8 costituita dalle disposizioni dell\u2019Infotv. e dalla legge C del 2000 sulla contabilit\u00e0. La base giuridica del trattamento dei dati \u00e8 il suo consenso e l\u2019adempimento di un obbligo legale.<\/p>\n\n\n\n<p><br><strong>Finalit\u00e0 del trattamento dei dati<\/strong><\/p>\n\n\n\n<p>Emissione di fatture conformi alla normativa e adempimento degli obblighi contabili.<\/p>\n\n\n\n<p><strong>Ambito dei dati trattati<\/strong><\/p>\n\n\n\n<p>Nome \/ ragione sociale, indirizzo, indirizzo e-mail, numero di telefono.<\/p>\n\n\n\n<p><strong>Durata del trattamento dei dati<\/strong><\/p>\n\n\n\n<p>Il Titolare del trattamento conserva le fatture per 8 anni dalla data di emissione.<\/p>\n\n\n\n<p><br><strong>Ulteriori trattamenti dei dati<\/strong><\/p>\n\n\n\n<p>Qualora il Titolare del trattamento intenda effettuare ulteriori trattamenti dei dati, fornir\u00e0 preventivamente informazioni sulle relative circostanze.<\/p>\n\n\n\n<p>Il Titolare del trattamento tiene un registro delle comunicazioni dei dati alle autorit\u00e0.<\/p>\n\n\n\n<p><strong>Utilizzo dei responsabili del trattamento e le loro attivit\u00e0 connesse al trattamento dei dati<\/strong><\/p>\n\n\n\n<p>Trattamento dei dati per la conservazione dei dati personali<\/p>\n\n\n\n<p>Denominazione del responsabile del trattamento: M.BIT Sz\u00e1m\u00edt\u00e1stechnikai Kft.<\/p>\n\n\n\n<p>Sede legale: 1193 Budapest, \u00c1ram utca 21.<\/p>\n\n\n\n<p>Numero di registrazione della societ\u00e0: cg.01-09-301597<\/p>\n\n\n\n<p>Partita IVA \/ codice fiscale: 26095233-2-43<\/p>\n\n\n\n<p>Partita IVA UE: HU26095233<\/p>\n\n\n\n<p>The Data Processor stores personal data based on a contract concluded with the Data Controller and does not use them for its own purposes.<\/p>\n\n\n\n<p><strong>Misure di sicurezza dei dati<\/strong><\/p>\n\n\n\n<p>Il Titolare del trattamento dichiara di applicare misure tecniche e organizzative adeguate per la protezione dei dati personali, al fine di garantire che essi siano protetti da accesso non autorizzato, modifica, trasmissione, divulgazione, cancellazione o distruzione, nonch\u00e9 da distruzione accidentale, danneggiamento e perdita di accessibilit\u00e0 dovuti a cambiamenti tecnologici.<\/p>\n\n\n\n<p><strong>I diritti che Le spettano nel trattamento dei dati<\/strong><\/p>\n\n\n\n<p>Durante il periodo del trattamento dei dati, Lei ha i seguenti diritti:<\/p>\n\n\n\n<ul class=\"wp-block-list\">\n<li>Diritto all\u2019informazione,<\/li>\n\n\n\n<li>Diritto di rettifica dei dati,<\/li>\n\n\n\n<li>Diritto alla cancellazione dei dati,<\/li>\n\n\n\n<li>Diritto alla limitazione del trattamento dei dati,<\/li>\n\n\n\n<li>Diritto di opposizione.<\/li>\n<\/ul>\n\n\n\n<p>Lei ha il diritto, durante il periodo del trattamento dei dati, di richiedere al Titolare del trattamento informazioni sul trattamento dei suoi dati personali. A seguito della ricezione della richiesta, il Titolare del trattamento fornir\u00e0 informazioni per iscritto, in forma chiara e comprensibile, il prima possibile ma non oltre 25 giorni, sui dati trattati, sulle finalit\u00e0, sulla base giuridica e sulla durata del trattamento, nonch\u00e9 \u2013 in caso di comunicazione dei dati \u2013 su chi ha ricevuto o ricever\u00e0 i dati e per quale finalit\u00e0.<\/p>\n\n\n\n<p>Pu\u00f2 richiedere la rettifica dei suoi dati personali e il Titolare del trattamento dar\u00e0 seguito alla richiesta entro e non oltre 15 giorni.<\/p>\n\n\n\n<p>Lei ha il diritto di richiedere la cancellazione dei suoi dati personali e il Titolare del trattamento dar\u00e0 seguito a tale richiesta entro e non oltre 15 giorni. Il diritto alla cancellazione non si applica nel caso in cui il Titolare del trattamento sia obbligato per legge a conservare ulteriormente i dati oppure qualora, ai sensi dell\u2019art. 6, paragrafo 5 dell\u2019Infotv., sia autorizzato a continuare il trattamento dei dati, ad esempio per l\u2019adempimento degli obblighi di fatturazione.<\/p>\n\n\n\n<p>Pu\u00f2 richiedere il blocco dei suoi dati personali qualora la loro cancellazione definitiva lederebbe i suoi interessi legittimi. I dati personali bloccati possono essere trattati solo per il tempo necessario al perseguimento della finalit\u00e0 che esclude la cancellazione.<\/p>\n\n\n\n<p>Lei ha il diritto di opporsi al trattamento dei suoi dati personali,<\/p>\n\n\n\n<p>qualora il trattamento o la comunicazione dei dati sia necessario esclusivamente per l\u2019adempimento di un obbligo legale del Titolare del trattamento oppure per il perseguimento dell\u2019interesse legittimo del Titolare del trattamento, del destinatario dei dati o di un terzo, ad eccezione dei casi di trattamento obbligatorio e dei casi previsti dall\u2019art. 6, paragrafo 5 dell\u2019Infotv.;<\/p>\n\n\n\n<p>qualora l\u2019utilizzo o la comunicazione dei dati personali avvenga senza il suo consenso per finalit\u00e0 di marketing diretto, sondaggi d\u2019opinione o ricerca scientifica.<\/p>\n\n\n\n<p>Il Titolare del trattamento esamina l\u2019opposizione il prima possibile dopo la ricezione della richiesta, ma entro e non oltre 15 giorni, decide sulla sua fondatezza e La informa per iscritto della decisione. Qualora il Titolare del trattamento non accolga una richiesta di rettifica, limitazione o cancellazione, comunica per iscritto \u2013 o con il consenso dell\u2019interessato in forma elettronica \u2013 entro 25 giorni dal ricevimento della richiesta i motivi di fatto e di diritto del rigetto.<\/p>\n\n\n\n<p><strong>Rimedi legali<\/strong><\/p>\n\n\n\n<p>Qualora ritenga che il Titolare del trattamento abbia violato le disposizioni legali relative al trattamento dei dati o non abbia soddisfatto una sua richiesta, Lei ha il diritto di avviare una procedura di indagine presso l\u2019Autorit\u00e0 nazionale per la protezione dei dati e la libert\u00e0 d\u2019informazione (NAIH) al fine di far cessare il presunto trattamento illecito dei dati (indirizzo postale: 1530 Budapest, Casella postale 5, e-mail: ugyfelszolgalat@naih.hu\n).<\/p>\n\n\n\n<p>La informiamo inoltre che, in caso di violazione delle disposizioni legali relative alla protezione dei dati oppure qualora il Titolare del trattamento non soddisfi una sua richiesta, Lei ha il diritto di avviare un\u2019azione giudiziaria nei confronti del Titolare del trattamento.<br><br><strong>Iscrizione nel registro della protezione dei dati<\/strong><\/p>\n\n\n\n<p>Ai sensi delle disposizioni dell\u2019Infotv., il Titolare del trattamento \u00e8 tenuto a notificare alcune attivit\u00e0 di trattamento dei dati nel registro della protezione dei dati.<\/p>\n\n\n\n<p><strong>Modifica dell\u2019informativa sulla privacy<\/strong><\/p>\n\n\n\n<p>Il Titolare del trattamento ha il diritto di modificare unilateralmente la presente informativa sulla privacy. Con il proseguimento dell\u2019utilizzo del sito web dopo l\u2019entrata in vigore della modifica, Lei accetta le disposizioni dell\u2019informativa sulla privacy modificata.<\/p>\n\n\n\n<p><\/p>","protected":false},"excerpt":{"rendered":"<p>Tartalomjegyz\u00e9k Adatv\u00e9delmi nyilatkozat Adatkezel\u0151 neve, el\u00e9rhet\u0151s\u00e9gei Az adatkezel\u0151 megnevez\u00e9se: J\u00e4gerhotel OG (a tov\u00e1bbiakban: Adatkezel\u0151) Az adatkezel\u0151 levelez\u00e9si c\u00edme: Panoramaweg 30, AT-9520 Treffen am Ossiacher See, Ausztria Az adatkezel\u0151 e-mail c\u00edme: info@jaegerhotel.at Az adatkezel\u0151 telefonsz\u00e1ma: +43 681 20201951 Honlap: https:\/\/www.jaegerhotel.com\/ A honlapon v\u00e9gzett adatkezel\u00e9sek jogszab\u00e1lyi h\u00e1ttere, jogalapja, c\u00e9lja, a kezelt szem\u00e9lyes adatok k\u00f6re, valamint az adatkezel\u00e9s [&hellip;]<\/p>","protected":false},"author":1,"featured_media":0,"parent":0,"menu_order":0,"comment_status":"closed","ping_status":"open","template":"","meta":{"footnotes":""},"class_list":["post-3","page","type-page","status-publish","hentry"],"_links":{"self":[{"href":"https:\/\/www.jaegerhotel.com\/it\/wp-json\/wp\/v2\/pages\/3","targetHints":{"allow":["GET"]}}],"collection":[{"href":"https:\/\/www.jaegerhotel.com\/it\/wp-json\/wp\/v2\/pages"}],"about":[{"href":"https:\/\/www.jaegerhotel.com\/it\/wp-json\/wp\/v2\/types\/page"}],"author":[{"embeddable":true,"href":"https:\/\/www.jaegerhotel.com\/it\/wp-json\/wp\/v2\/users\/1"}],"replies":[{"embeddable":true,"href":"https:\/\/www.jaegerhotel.com\/it\/wp-json\/wp\/v2\/comments?post=3"}],"version-history":[{"count":3,"href":"https:\/\/www.jaegerhotel.com\/it\/wp-json\/wp\/v2\/pages\/3\/revisions"}],"predecessor-version":[{"id":1094,"href":"https:\/\/www.jaegerhotel.com\/it\/wp-json\/wp\/v2\/pages\/3\/revisions\/1094"}],"wp:attachment":[{"href":"https:\/\/www.jaegerhotel.com\/it\/wp-json\/wp\/v2\/media?parent=3"}],"curies":[{"name":"wp","href":"https:\/\/api.w.org\/{rel}","templated":true}]}}